{"id":40,"date":"2026-03-02T20:57:57","date_gmt":"2026-03-02T20:57:57","guid":{"rendered":"http:\/\/inaevents.fr\/?page_id=40"},"modified":"2026-03-02T22:49:13","modified_gmt":"2026-03-02T22:49:13","slug":"about","status":"publish","type":"page","link":"http:\/\/inaevents.fr\/?page_id=40","title":{"rendered":"\u00c0 propos d\u2019INA Events"},"content":{"rendered":"\n<h2 class=\"wp-block-heading has-large-font-size\" id=\"inspiro-is-a-digital-product-agency-that-focuses-on-strategy-and-design\" style=\"font-style:normal;font-weight:100\">Bas\u00e9e \u00e0 Nice, Ina Events imagine et r\u00e9alise des d\u00e9cors raffin\u00e9s pour vos \u00e9v\u00e9nements les plus pr\u00e9cieux.<\/h2>\n\n\n\n<p>Mariages, demandes en mariage, anniversaires ou c\u00e9l\u00e9brations priv\u00e9es, nous concevons des ambiances sur mesure qui refl\u00e8tent votre personnalit\u00e9 et subliment chaque instant.<\/p>\n\n\n\n<p id=\"inspiro-is-a-digital-product-agency-that-focuses-on-strategy-and-design\">Passion, \u00e9l\u00e9gance et sens du d\u00e9tail sont au c\u0153ur de chacune de nos cr\u00e9ations.<\/p>\n\n\n\n<div style=\"height:100px\" aria-hidden=\"true\" class=\"wp-block-spacer\"><\/div>\n\n\n\n<div class=\"wp-block-columns alignwide is-layout-flex wp-container-core-columns-is-layout-28f84493 wp-block-columns-is-layout-flex\">\n<div class=\"wp-block-column is-layout-flow wp-block-column-is-layout-flow\">\n<figure class=\"wp-block-image size-large\"><img loading=\"lazy\" decoding=\"async\" width=\"943\" height=\"1024\" src=\"http:\/\/inaevents.fr\/wp-content\/uploads\/2026\/03\/cropped-IMG_1557-scaled-1-943x1024.jpg\" alt=\"\" class=\"wp-image-83\" style=\"aspect-ratio:9\/16;object-fit:cover\" srcset=\"http:\/\/inaevents.fr\/wp-content\/uploads\/2026\/03\/cropped-IMG_1557-scaled-1-943x1024.jpg 943w, http:\/\/inaevents.fr\/wp-content\/uploads\/2026\/03\/cropped-IMG_1557-scaled-1-276x300.jpg 276w, http:\/\/inaevents.fr\/wp-content\/uploads\/2026\/03\/cropped-IMG_1557-scaled-1.jpg 2000w\" sizes=\"auto, (max-width: 943px) 100vw, 943px\" \/><\/figure>\n\n\n\n<p class=\"has-black-color has-text-color has-medium-font-size\"><a href=\"#\">MARIAGES<\/a><\/p>\n\n\n\n<p class=\"has-text-color\" style=\"color:#7a7a7a\">Nous cr\u00e9ons des d\u00e9cors \u00e9l\u00e9gants et raffin\u00e9s pour sublimer le plus beau jour de votre vie.<br>Arche florale, d\u00e9coration de table, ambiance romantique\u2026 chaque d\u00e9tail est pens\u00e9 pour rendre votre mariage inoubliable.<\/p>\n<\/div>\n\n\n\n<div class=\"wp-block-column is-layout-flow wp-block-column-is-layout-flow\">\n<figure class=\"wp-block-image size-large\"><img loading=\"lazy\" decoding=\"async\" width=\"768\" height=\"1024\" src=\"http:\/\/inaevents.fr\/wp-content\/uploads\/2026\/03\/IMG_8593-768x1024.jpg\" alt=\"\" class=\"wp-image-79\" style=\"aspect-ratio:9\/16;object-fit:cover\" srcset=\"http:\/\/inaevents.fr\/wp-content\/uploads\/2026\/03\/IMG_8593-768x1024.jpg 768w, http:\/\/inaevents.fr\/wp-content\/uploads\/2026\/03\/IMG_8593-225x300.jpg 225w, http:\/\/inaevents.fr\/wp-content\/uploads\/2026\/03\/IMG_8593-2000x2667.jpg 2000w, http:\/\/inaevents.fr\/wp-content\/uploads\/2026\/03\/IMG_8593-scaled.jpg 1920w\" sizes=\"auto, (max-width: 768px) 100vw, 768px\" \/><\/figure>\n\n\n\n<p class=\"has-black-color has-text-color has-medium-font-size\"><a href=\"#\">DEMANDE EN MARIAGE<\/a><\/p>\n\n\n\n<p class=\"has-text-color\" style=\"color:#7a7a7a\">Offrez un moment magique et unique.<br>Nous imaginons des mises en sc\u00e8ne romantiques et personnalis\u00e9es pour faire de votre demande un souvenir \u00e9ternel.<\/p>\n<\/div>\n\n\n\n<div class=\"wp-block-column is-layout-flow wp-block-column-is-layout-flow\">\n<figure class=\"wp-block-image size-full\"><img loading=\"lazy\" decoding=\"async\" width=\"1920\" height=\"2560\" src=\"http:\/\/inaevents.fr\/wp-content\/uploads\/2026\/03\/IMG_9494-scaled.jpg\" alt=\"\" class=\"wp-image-81\" style=\"aspect-ratio:9\/16;object-fit:cover\" srcset=\"http:\/\/inaevents.fr\/wp-content\/uploads\/2026\/03\/IMG_9494-scaled.jpg 1920w, http:\/\/inaevents.fr\/wp-content\/uploads\/2026\/03\/IMG_9494-225x300.jpg 225w, http:\/\/inaevents.fr\/wp-content\/uploads\/2026\/03\/IMG_9494-768x1024.jpg 768w, http:\/\/inaevents.fr\/wp-content\/uploads\/2026\/03\/IMG_9494-2000x2667.jpg 2000w\" sizes=\"auto, (max-width: 1920px) 100vw, 1920px\" \/><\/figure>\n\n\n\n<p class=\"has-black-color has-text-color has-medium-font-size\"><a href=\"#\">BIEN PLUS ENCORE<\/a><\/p>\n\n\n\n<p class=\"has-text-color\" style=\"color:#7a7a7a\">Anniversaires, baby showers, \u00e9v\u00e9nements priv\u00e9s\u2026<br>Ina Events vous accompagne dans toutes vos c\u00e9l\u00e9brations avec une d\u00e9coration sur mesure adapt\u00e9e \u00e0 vos envies.<\/p>\n\n\n\n<p class=\"has-text-color\" style=\"color:#7a7a7a\"><\/p>\n<\/div>\n<\/div>\n\n\n\n<div style=\"margin-top:0;margin-bottom:0;height:66px\" aria-hidden=\"true\" class=\"wp-block-spacer\"><\/div>\n","protected":false},"excerpt":{"rendered":"<p>Bas\u00e9e \u00e0 Nice, Ina Events imagine et r\u00e9alise des d\u00e9cors raffin\u00e9s pour vos \u00e9v\u00e9nements les plus pr\u00e9cieux. Mariages, demandes en mariage, anniversaires ou c\u00e9l\u00e9brations priv\u00e9es, nous concevons des ambiances sur mesure qui refl\u00e8tent votre personnalit\u00e9 et subliment chaque instant. Passion, \u00e9l\u00e9gance et sens du d\u00e9tail sont au c\u0153ur de chacune de nos cr\u00e9ations. MARIAGES Nous &hellip; <\/p>\n<p class=\"link-more\"><a href=\"http:\/\/inaevents.fr\/?page_id=40\" class=\"more-link\">Read more<span class=\"screen-reader-text\"> &#8220;\u00c0 propos d\u2019INA Events&#8221;<\/span><\/a><\/p>\n","protected":false},"author":1,"featured_media":37,"parent":0,"menu_order":0,"comment_status":"closed","ping_status":"closed","template":"","meta":{"inspiro_hide_title":false,"footnotes":""},"class_list":["post-40","page","type-page","status-publish","has-post-thumbnail","hentry"],"_links":{"self":[{"href":"http:\/\/inaevents.fr\/index.php?rest_route=\/wp\/v2\/pages\/40","targetHints":{"allow":["GET"]}}],"collection":[{"href":"http:\/\/inaevents.fr\/index.php?rest_route=\/wp\/v2\/pages"}],"about":[{"href":"http:\/\/inaevents.fr\/index.php?rest_route=\/wp\/v2\/types\/page"}],"author":[{"embeddable":true,"href":"http:\/\/inaevents.fr\/index.php?rest_route=\/wp\/v2\/users\/1"}],"replies":[{"embeddable":true,"href":"http:\/\/inaevents.fr\/index.php?rest_route=%2Fwp%2Fv2%2Fcomments&post=40"}],"version-history":[{"count":3,"href":"http:\/\/inaevents.fr\/index.php?rest_route=\/wp\/v2\/pages\/40\/revisions"}],"predecessor-version":[{"id":108,"href":"http:\/\/inaevents.fr\/index.php?rest_route=\/wp\/v2\/pages\/40\/revisions\/108"}],"wp:featuredmedia":[{"embeddable":true,"href":"http:\/\/inaevents.fr\/index.php?rest_route=\/wp\/v2\/media\/37"}],"wp:attachment":[{"href":"http:\/\/inaevents.fr\/index.php?rest_route=%2Fwp%2Fv2%2Fmedia&parent=40"}],"curies":[{"name":"wp","href":"https:\/\/api.w.org\/{rel}","templated":true}]}}